{"id":543,"date":"2022-10-20T11:43:52","date_gmt":"2022-10-20T09:43:52","guid":{"rendered":"https:\/\/shrinkingspace.eu\/imprint"},"modified":"2023-07-06T16:12:08","modified_gmt":"2023-07-06T14:12:08","slug":"imprint","status":"publish","type":"page","link":"https:\/\/shrinkingspace.eu\/en\/imprint","title":{"rendered":"Imprint"},"content":{"rendered":"<p>[et_pb_section fb_built=&#8221;1&#8243; _builder_version=&#8221;4.18.0&#8243; _module_preset=&#8221;default&#8221; background_color=&#8221;#f7f7f7&#8243; global_colors_info=&#8221;{}&#8221;][et_pb_row column_structure=&#8221;2_3,1_3&#8243; _builder_version=&#8221;4.18.0&#8243; _module_preset=&#8221;default&#8221; global_colors_info=&#8221;{}&#8221;][et_pb_column type=&#8221;2_3&#8243; _builder_version=&#8221;4.18.0&#8243; _module_preset=&#8221;default&#8221; global_colors_info=&#8221;{}&#8221;][et_pb_text _builder_version=&#8221;4.19.0&#8243; _module_preset=&#8221;default&#8221; header_font=&#8221;Source Sans Pro|700|||||||&#8221; header_text_color=&#8221;#000000&#8243; header_font_size=&#8221;45px&#8221; custom_margin=&#8221;||36px|||&#8221; global_colors_info=&#8221;{}&#8221;]<\/p>\n<h1>Imprint<\/h1>\n<p>[\/et_pb_text][\/et_pb_column][et_pb_column type=&#8221;1_3&#8243; _builder_version=&#8221;4.18.0&#8243; _module_preset=&#8221;default&#8221; global_colors_info=&#8221;{}&#8221;][\/et_pb_column][\/et_pb_row][\/et_pb_section][et_pb_section fb_built=&#8221;1&#8243; _builder_version=&#8221;4.18.0&#8243; _module_preset=&#8221;default&#8221; global_colors_info=&#8221;{}&#8221;][et_pb_row _builder_version=&#8221;4.18.0&#8243; _module_preset=&#8221;default&#8221; global_colors_info=&#8221;{}&#8221;][et_pb_column type=&#8221;4_4&#8243; _builder_version=&#8221;4.18.0&#8243; _module_preset=&#8221;default&#8221; global_colors_info=&#8221;{}&#8221;][et_pb_text _builder_version=&#8221;4.19.0&#8243; _module_preset=&#8221;default&#8221; text_font=&#8221;Source Sans Pro||||||||&#8221; text_text_color=&#8221;#353535&#8243; text_font_size=&#8221;19px&#8221; text_line_height=&#8221;1.5em&#8221; link_text_color=&#8221;#880029&#8243; header_3_font=&#8221;Inter|700|||||||&#8221; header_3_font_size=&#8221;24px&#8221; header_4_font=&#8221;Inter|600|||||||&#8221; custom_margin=&#8221;||||false|false&#8221; global_colors_info=&#8221;{}&#8221;]<\/p>\n<p>Responsible for content according to \u00a7 10 paragraph 3 MDStV: Dr. Rupert Graf Strachwitz<br \/>Copyright: MAECENATA STIFTUNG<\/p>\n<p><strong>Information according to \u00a7 5 TMG:<\/strong><\/p>\n<p>Maecenata Stiftung<br \/>Oberf\u00f6hringer Stra\u00dfe 18<br \/>D-81679 M\u00fcnchen<\/p>\n<p>Tel.: +49-89-21546507<br \/><a href=\"mailto:mst@maecenata.eu\">E-mail<\/a><\/p>\n<p>Board of Directors: Dr Rupert Graf Strachwitz \/ Dr Felix Weber<\/p>\n<p><strong>Capital Office:<\/strong><\/p>\n<p>Maecenata Foundation<br \/>Rungestra\u00dfe 17<br \/>D-10179 Berlin<\/p>\n<p>Tel.: +49-30-28-38-79-09<br \/>Fax: +49-30-28-38-79-10<br \/><a href=\"mailto:mst@maecenata.eu\">E-mail<\/a><\/p>\n<p>Sales tax identification number according to \u00a727a Sales Tax Act: 143\/235\/55436<\/p>\n<p>Registered in the Netherlands as ANBI under RSIN 8265.10.061.<\/p>\n<p><strong>Responsible for the content according to \u00a7 55 para.bs. 2 RStV:<\/strong><\/p>\n<p>Dr. Rupert Graf Strachwitz<br \/>c\/o Maecenata Stiftung<br \/>Oberf\u00f6hringer Stra\u00dfe 18<br \/>81679 M\u00fcnchen<\/p>\n<h2>Disclaimer<\/h2>\n<h3>Liability for contents<\/h3>\n<p>The contents of our pages were created with the greatest care. However, we cannot assume any liability for the correctness, completeness and topicality of the contents. As a service provider, we are, in accordance with \u00a7 7 Para. 1 TMG is responsible for its own content on these pages in accordance with general laws. According to \u00a7\u00a7 8 to 10 TMG, however, we are not obliged as a service provider to monitor transmitted or stored third-party information or to investigate circumstances that indicate illegal activity. Obligations to remove or block the use of information in accordance with general laws remain unaffected by this. However, liability in this respect is only possible from the time of knowledge of a concrete infringement. If we become aware of any such infringements, we will remove this content immediately.<\/p>\n<h3>Liability for links<\/h3>\n<p>Our offer contains links to external websites of third parties, on whose contents we have no influence. Therefore, we cannot assume any liability for these external contents. The respective provider or operator of the pages is always responsible for the content of the linked pages. The linked pages were checked for possible legal violations at the time of linking. Illegal contents were not recognisable at the time of linking. However, a permanent control of the contents of the linked pages is not reasonable without concrete indications of a violation of the law. If we become aware of any infringements of the law, we will remove such links immediately.<\/p>\n<h3>Copyright<\/h3>\n<p>The contents and works created by the site operators on these pages are subject to German copyright law. The reproduction, editing, distribution and any kind of utilisation outside the limits of copyright law require the written consent of the respective author or creator. Downloads and copies of this page are only permitted for private, non-commercial use. Insofar as the content on this page was not created by the operator, the copyrights of third parties are respected. In particular, third-party content is identified as such. Should you nevertheless become aware of a copyright violation, please inform us accordingly. If we become aware of any infringements, we will remove such content immediately.<\/p>\n<p>Das vorangestellte Impressum wurde erstellt durch<span> <\/span><a href=\"http:\/\/www.impressum-generator.de\/\" target=\"_blank\" rel=\"noopener\">impressum-generator.de<\/a><span> <\/span>von der<span> <\/span><a href=\"https:\/\/www.kanzlei-hasselbach.de\/\" target=\"_blank\" rel=\"noopener\">Kanzlei Hasselbach<\/a><\/p>\n<p>[\/et_pb_text][\/et_pb_column][\/et_pb_row][\/et_pb_section]<\/p>\n","protected":false},"excerpt":{"rendered":"<p>ImprintResponsible for content according to \u00a7 10 paragraph 3 MDStV: Dr. Rupert Graf StrachwitzCopyright: MAECENATA STIFTUNG Information according to \u00a7 5 TMG: Maecenata StiftungOberf\u00f6hringer Stra\u00dfe 18D-81679 M\u00fcnchen Tel.: +49-89-21546507E-mail Board of Directors: Dr Rupert Graf Strachwitz \/ Dr Felix Weber Capital Office: Maecenata FoundationRungestra\u00dfe 17D-10179 Berlin Tel.: +49-30-28-38-79-09Fax: +49-30-28-38-79-10E-mail Sales tax identification number according to [&hellip;]<\/p>\n","protected":false},"author":1,"featured_media":0,"parent":0,"menu_order":0,"comment_status":"closed","ping_status":"closed","template":"","meta":{"_et_pb_use_builder":"on","_et_pb_old_content":"","_et_gb_content_width":"","footnotes":""},"class_list":["post-543","page","type-page","status-publish","hentry"],"_links":{"self":[{"href":"https:\/\/shrinkingspace.eu\/en\/wp-json\/wp\/v2\/pages\/543","targetHints":{"allow":["GET"]}}],"collection":[{"href":"https:\/\/shrinkingspace.eu\/en\/wp-json\/wp\/v2\/pages"}],"about":[{"href":"https:\/\/shrinkingspace.eu\/en\/wp-json\/wp\/v2\/types\/page"}],"author":[{"embeddable":true,"href":"https:\/\/shrinkingspace.eu\/en\/wp-json\/wp\/v2\/users\/1"}],"replies":[{"embeddable":true,"href":"https:\/\/shrinkingspace.eu\/en\/wp-json\/wp\/v2\/comments?post=543"}],"version-history":[{"count":3,"href":"https:\/\/shrinkingspace.eu\/en\/wp-json\/wp\/v2\/pages\/543\/revisions"}],"predecessor-version":[{"id":650,"href":"https:\/\/shrinkingspace.eu\/en\/wp-json\/wp\/v2\/pages\/543\/revisions\/650"}],"wp:attachment":[{"href":"https:\/\/shrinkingspace.eu\/en\/wp-json\/wp\/v2\/media?parent=543"}],"curies":[{"name":"wp","href":"https:\/\/api.w.org\/{rel}","templated":true}]}}